{"id":1188,"date":"2015-12-04T02:08:06","date_gmt":"2015-12-04T02:08:06","guid":{"rendered":"http:\/\/theme-fusion.com\/avada\/construction\/?page_id=5"},"modified":"2021-10-13T09:51:13","modified_gmt":"2021-10-13T09:51:13","slug":"home","status":"publish","type":"page","link":"http:\/\/www.arastel.com\/","title":{"rendered":"Home"},"content":{"rendered":"<div class=\"fusion-fullwidth fullwidth-box fusion-builder-row-1 fusion-flex-container hundred-percent-fullwidth non-hundred-percent-height-scrolling\" style=\"background-color: rgba(255,255,255,0);background-position: right center;background-repeat: no-repeat;border-width: 0px 0px 0px 0px;border-color:#eae9e9;border-style:solid;\" ><div class=\"fusion-builder-row fusion-row fusion-flex-align-items-stretch\" style=\"width:104% !important;max-width:104% !important;margin-left: calc(-4% \/ 2 );margin-right: calc(-4% \/ 2 );\"><div class=\"fusion-layout-column fusion_builder_column fusion-builder-column-0 fusion_builder_column_1_1 1_1 fusion-flex-column\"><div class=\"fusion-column-wrapper fusion-flex-justify-content-flex-start fusion-content-layout-column\" style=\"background-position:left top;background-repeat:no-repeat;-webkit-background-size:cover;-moz-background-size:cover;-o-background-size:cover;background-size:cover;padding: 0px 0px 0px 0px;\"><div class=\"fusion-flip-boxes flip-boxes row fusion-columns-3 flip-effect-classic\"><div class=\"fusion-flip-box-wrapper fusion-column col-lg-4 col-md-4 col-sm-4\"><div class=\"fusion-flip-box flip-right\" tabindex=\"0\"><div class=\"flip-box-inner-wrapper\"><div class=\"flip-box-front\" style=\"background-color:#f5f5f5;border-color:rgba(255,255,255,0);border-radius:10px;border-style:solid;border-width:1px;color:#747474;transition-duration:0.4s;\"><div class=\"flip-box-front-inner\"><div class=\"flip-box-grafix flip-box-circle\" style=\"background-color:#333333;border-color:#333333;\"><i aria-hidden=\"true\" class=\"fa-building far\" style=\"color:#fed03d;\"><\/i><\/div><h2 class=\"flip-box-heading without-text\" style=\"color:#333333;\">KAL\u0130TEL\u0130 H\u0130ZMET<\/h2><\/div><\/div><div class=\"flip-box-back\" style=\"background-color:#fed03d;border-color:rgba(255,255,255,0);border-radius:10px;border-style:solid;border-width:1px;color:#555555;transition-duration:0.4s;\"><div class=\"flip-box-back-inner\"><h3 class=\"flip-box-heading-back\" style=\"color:#333333;\">KAL\u0130TEL\u0130 H\u0130ZMET<\/h3>\n<p>Verilen taahh\u00fctlerin eksiksiz yerine getirilmesi, d\u00fcr\u00fcstl\u00fck ve m\u00fc\u015fteri odakl\u0131 hizmet yan\u0131nda s\u00fcrekli iyile\u015ftirme esas\u0131na dayanan yat\u0131r\u0131mlar ile m\u00fc\u015fterilerimize kaliteli hizmet sunmak temel hedeflerimizdir.<\/p>\n<div style=\"text-align:center;\"><style>.fusion-button.button-1 .fusion-button-text,.fusion-button.button-1 i{color:#333333;}.fusion-button.button-1{border-color:#333333;border-radius:0px 0px 0px 0px;background:#ffe07b;}.fusion-button.button-1:hover .fusion-button-text,.fusion-button.button-1:hover i,.fusion-button.button-1:focus .fusion-button-text,.fusion-button.button-1:focus i,.fusion-button.button-1:active .fusion-button-text,.fusion-button.button-1:active i{color:#ffffff;}.fusion-button.button-1:hover,.fusion-button.button-1:active,.fusion-button.button-1:focus{border-color:#ffffff;background:#333333;}<\/style><a class=\"fusion-button button-flat fusion-button-default-size button-custom button-1 fusion-button-default-span fusion-button-default-type\" target=\"_self\" href=\"http:\/\/www.arastel.com\/index.php\/iletisim\/\"><span class=\"fusion-button-text\">\u0130LET\u0130\u015e\u0130M<\/span><\/a><\/div>\n<\/div><\/div><\/div><\/div><\/div><div class=\"fusion-flip-box-wrapper fusion-column col-lg-4 col-md-4 col-sm-4\"><div class=\"fusion-flip-box flip-right\" tabindex=\"0\"><div class=\"flip-box-inner-wrapper\"><div class=\"flip-box-front\" style=\"background-color:#f5f5f5;border-color:rgba(255,255,255,0);border-radius:10px;border-style:solid;border-width:1px;color:#747474;transition-duration:0.4s;\"><div class=\"flip-box-front-inner\"><div class=\"flip-box-grafix flip-box-circle\" style=\"background-color:#333333;border-color:#333333;\"><i aria-hidden=\"true\" class=\"fa-sync fas\" style=\"color:#fed03d;\"><\/i><\/div><h2 class=\"flip-box-heading without-text\" style=\"color:#333333;\">\u00d6DEME KOLAYLI\u011eI<\/h2><\/div><\/div><div class=\"flip-box-back\" style=\"background-color:#fed03d;border-color:rgba(255,255,255,0);border-radius:10px;border-style:solid;border-width:1px;color:#555555;transition-duration:0.4s;\"><div class=\"flip-box-back-inner\"><h3 class=\"flip-box-heading-back\" style=\"color:#333333;\">\u00d6DEME KOLAYLI\u011eI<\/h3>\n<p>M\u00fc\u015fterilerimize sundu\u011fumuz vadeli ve kredi kart\u0131 ile \u00f6deme se\u00e7enekleri sayesinde \u00fcr\u00fcn sat\u0131\u015flar\u0131m\u0131zda \u00f6deme kolayl\u0131\u011f\u0131.<\/p>\n<div style=\"text-align:center;\"><style>.fusion-button.button-2 .fusion-button-text,.fusion-button.button-2 i{color:#333333;}.fusion-button.button-2{border-color:#333333;border-radius:0px 0px 0px 0px;background:#ffe07b;}.fusion-button.button-2:hover .fusion-button-text,.fusion-button.button-2:hover i,.fusion-button.button-2:focus .fusion-button-text,.fusion-button.button-2:focus i,.fusion-button.button-2:active .fusion-button-text,.fusion-button.button-2:active i{color:#ffffff;}.fusion-button.button-2:hover,.fusion-button.button-2:active,.fusion-button.button-2:focus{border-color:#ffffff;background:#333333;}<\/style><a class=\"fusion-button button-flat fusion-button-default-size button-custom button-2 fusion-button-default-span fusion-button-default-type\" target=\"_self\" href=\"http:\/\/www.arastel.com\/index.php\/iletisim\/\"><span class=\"fusion-button-text\">\u0130LET\u0130\u015e\u0130M<\/span><\/a><\/div>\n<\/div><\/div><\/div><\/div><\/div><div class=\"fusion-flip-box-wrapper fusion-column col-lg-4 col-md-4 col-sm-4\"><div class=\"fusion-flip-box flip-right\" tabindex=\"0\"><div class=\"flip-box-inner-wrapper\"><div class=\"flip-box-front\" style=\"background-color:#f5f5f5;border-color:rgba(255,255,255,0);border-radius:10px;border-style:solid;border-width:1px;color:#747474;transition-duration:0.4s;\"><div class=\"flip-box-front-inner\"><div class=\"flip-box-grafix flip-box-circle\" style=\"background-color:#333333;border-color:#333333;\"><i aria-hidden=\"true\" class=\"fa-home fas\" style=\"color:#fed03d;\"><\/i><\/div><h2 class=\"flip-box-heading without-text\" style=\"color:#333333;\">DO\u011eRUDAN TESL\u0130MAT<\/h2><\/div><\/div><div class=\"flip-box-back\" style=\"background-color:#fed03d;border-color:rgba(255,255,255,0);border-radius:10px;border-style:solid;border-width:1px;color:#555555;transition-duration:0.4s;\"><div class=\"flip-box-back-inner\"><h3 class=\"flip-box-heading-back\" style=\"color:#333333;\">DO\u011eRUDAN TESL\u0130MAT<\/h3>\n<p>M\u00fc\u015fterilerimize kolayl\u0131k sa\u011flamak amac\u0131yla imalat\u0131n\u0131 ve sat\u0131\u015f\u0131n\u0131 yapmakta oldu\u011fumuz t\u00fcm \u00fcr\u00fcnler firmam\u0131za ait ara\u00e7lar taraf\u0131ndan do\u011frudan m\u00fc\u015fteri adresine teslim edilmektedir.<\/p>\n<div style=\"text-align:center;\"><style>.fusion-button.button-3 .fusion-button-text,.fusion-button.button-3 i{color:#333333;}.fusion-button.button-3{border-color:#333333;border-radius:0px 0px 0px 0px;background:#ffe07b;}.fusion-button.button-3:hover .fusion-button-text,.fusion-button.button-3:hover i,.fusion-button.button-3:focus .fusion-button-text,.fusion-button.button-3:focus i,.fusion-button.button-3:active .fusion-button-text,.fusion-button.button-3:active i{color:#ffffff;}.fusion-button.button-3:hover,.fusion-button.button-3:active,.fusion-button.button-3:focus{border-color:#ffffff;background:#333333;}<\/style><a class=\"fusion-button button-flat fusion-button-default-size button-custom button-3 fusion-button-default-span fusion-button-default-type\" target=\"_self\" href=\"http:\/\/www.arastel.com\/index.php\/iletisim\/\"><span class=\"fusion-button-text\">\u0130LET\u0130\u015e\u0130M<\/span><\/a><\/div>\n<\/div><\/div><\/div><\/div><\/div><\/div><\/div><style type=\"text\/css\">.fusion-body .fusion-builder-column-0{width:100% !important;margin-top : 0px;margin-bottom : 0px;}.fusion-builder-column-0 > .fusion-column-wrapper {padding-top : 0px !important;padding-right : 0px !important;margin-right : 1.92%;padding-bottom : 0px !important;padding-left : 0px !important;margin-left : 1.92%;}@media only screen and (max-width:1024px) {.fusion-body .fusion-builder-column-0{width:100% !important;}.fusion-builder-column-0 > .fusion-column-wrapper {margin-right : 1.92%;margin-left : 1.92%;}}@media only screen and (max-width:640px) {.fusion-body .fusion-builder-column-0{width:100% !important;}.fusion-builder-column-0 > .fusion-column-wrapper {margin-right : 1.92%;margin-left : 1.92%;}}<\/style><\/div><\/div><style type=\"text\/css\">.fusion-body .fusion-flex-container.fusion-builder-row-1{ padding-top : 0px;margin-top : 0px;padding-right : 8%;padding-bottom : 80px;margin-bottom : 0px;padding-left : 8%;}<\/style><\/div>\n","protected":false},"excerpt":{"rendered":"","protected":false},"author":1,"featured_media":0,"parent":0,"menu_order":0,"comment_status":"closed","ping_status":"closed","template":"100-width.php","meta":{"footnotes":""},"_links":{"self":[{"href":"http:\/\/www.arastel.com\/index.php\/wp-json\/wp\/v2\/pages\/1188"}],"collection":[{"href":"http:\/\/www.arastel.com\/index.php\/wp-json\/wp\/v2\/pages"}],"about":[{"href":"http:\/\/www.arastel.com\/index.php\/wp-json\/wp\/v2\/types\/page"}],"author":[{"embeddable":true,"href":"http:\/\/www.arastel.com\/index.php\/wp-json\/wp\/v2\/users\/1"}],"replies":[{"embeddable":true,"href":"http:\/\/www.arastel.com\/index.php\/wp-json\/wp\/v2\/comments?post=1188"}],"version-history":[{"count":29,"href":"http:\/\/www.arastel.com\/index.php\/wp-json\/wp\/v2\/pages\/1188\/revisions"}],"predecessor-version":[{"id":1397,"href":"http:\/\/www.arastel.com\/index.php\/wp-json\/wp\/v2\/pages\/1188\/revisions\/1397"}],"wp:attachment":[{"href":"http:\/\/www.arastel.com\/index.php\/wp-json\/wp\/v2\/media?parent=1188"}],"curies":[{"name":"wp","href":"https:\/\/api.w.org\/{rel}","templated":true}]}}